{"id":31503,"date":"2021-09-09T09:08:58","date_gmt":"2021-09-09T16:08:58","guid":{"rendered":"https:\/\/tepta.org\/bienvenidos\/"},"modified":"2021-09-13T10:30:13","modified_gmt":"2021-09-13T17:30:13","slug":"bienvenidos","status":"publish","type":"page","link":"https:\/\/tepta.org\/es\/","title":{"rendered":"Bienvenidos"},"content":{"rendered":"<div class=\"wpb-content-wrapper\"><p>[vc_row full_width=\u00bbstretch_row\u00bb css=\u00bb.vc_custom_1587117496982{margin-bottom: 0px !important;padding-bottom: 100px !important;}\u00bb custom_css_code=\u00bbLnZjX3R0YS1jb2xvci1ncmV5LnZjX3R0YS1zdHlsZS1vdXRsaW5lJTIwLnZjX3R0YS10YWIlM0VhJTdCJTBBJTIwJTIwJTIwJTIwY29sb3IlM0ElMjAlMjMyYzJlM2QlM0IlMEElN0Q=\u00bb][vc_column][vc_column_text]<\/p>\n<div class=\"title-h6\" style=\"text-align: center;\">THOMAS EDISON LANGUAGE INSTITUTE<\/div>\n<p>[\/vc_column_text]<div class=\"clearboth\"><\/div><style>#thegem-divider-69f46bf2d4650 {margin-top: 20px !important;}<\/style><div id=\"thegem-divider-69f46bf2d4650\" class=\"gem-divider  \" style=\"\" ><\/div>[vc_column_text]<\/p>\n<div class=\"title-h2\" style=\"text-align: center;\">Bienvenidos a Nuestra PTA<\/div>\n<p>[\/vc_column_text]<div class=\"clearboth\"><\/div><style>#thegem-divider-69f46bf2d46b7 {margin-top: 40px !important;}<\/style><div id=\"thegem-divider-69f46bf2d46b7\" class=\"gem-divider  \" style=\"\" ><\/div>[vc_column_text]<\/p>\n<div class=\"styled-subtitle\" style=\"text-align: center;\">\n<p>Somos la Asociaci\u00f3n de Padres y Maestros de la Escuela Thomas Edison en Sacramento, California. Un espacio escolar en el que interact\u00faan estudiantes de aproximadamente 17 lenguas maternas. Desde la PTA y la escuela apoyamos a los ni\u00f1os del vecindario en el \u00e1rea de Arden y ofrecemos el \u00fanico programa de doble inmersi\u00f3n en espa\u00f1ol \/ ingl\u00e9s en el Distrito Escolar Unificado de San Juan.<\/p>\n<p>&nbsp;<\/p>\n<\/div>\n<p>[\/vc_column_text]<div class=\"clearboth\"><\/div><style>#thegem-divider-69f46bf2d46d2 {margin-top: 80px !important;}<\/style><div id=\"thegem-divider-69f46bf2d46d2\" class=\"gem-divider  \" style=\"\" ><\/div><style type=\"text\/css\">.thegem-button-69f46bf2d47864075 .gem-button svg {fill: #ff3c00;}.thegem-button-69f46bf2d47864075 .gem-button:hover svg {fill: #ffffff;}<\/style><div class=\"gem-button-container gem-button-position-center thegem-button-69f46bf2d47864075    \"  ><a title=\"About us\" class=\"gem-button gem-button-size-small gem-button-style-outline gem-button-text-weight-normal gem-button-border-2\" data-ll-effect=\"drop-right-without-wrap\" style=\"border-radius: 20px;border-color: #ff3c00;color: #ff3c00;\" onmouseleave=\"this.style.borderColor='#ff3c00';this.style.backgroundColor='transparent';this.style.color='#ff3c00';\" onmouseenter=\"this.style.borderColor='#ff3c00';this.style.backgroundColor='#ff3c00';this.style.color='#ffffff';\" href=\"https:\/\/tepta.org\/es\/quienes-somos\/\" target=\"_self\">MAS INFORMACION<\/a><\/div> [\/vc_column][\/vc_row][vc_row full_width=\u00bbstretch_row\u00bb][vc_column][vc_column_text]<\/p>\n<div class=\"title-h2\" style=\"text-align: center;\">Nuestros Eventos<\/div>\n<p>[\/vc_column_text][vc_empty_space]<div class=\"clearboth\"><\/div><style>#thegem-divider-69f46bf2d639d {margin-top: 80px !important;}<\/style><div id=\"thegem-divider-69f46bf2d639d\" class=\"gem-divider  \" style=\"\" ><\/div><style type=\"text\/css\">.thegem-button-69f46bf2d644f6503 .gem-button svg {fill: #ff3c00;}.thegem-button-69f46bf2d644f6503 .gem-button:hover svg {fill: #ffffff;}<\/style><div class=\"gem-button-container gem-button-position-center thegem-button-69f46bf2d644f6503    \"  ><a title=\"About us\" class=\"gem-button gem-button-size-small gem-button-style-outline gem-button-text-weight-normal gem-button-border-2\" data-ll-effect=\"drop-right-without-wrap\" style=\"border-radius: 20px;border-color: #ff3c00;color: #ff3c00;\" onmouseleave=\"this.style.borderColor='#ff3c00';this.style.backgroundColor='transparent';this.style.color='#ff3c00';\" onmouseenter=\"this.style.borderColor='#ff3c00';this.style.backgroundColor='#ff3c00';this.style.color='#ffffff';\" href=\"https:\/\/tepta.org\/es\/eventos\/\" target=\"_self\">CALENDARIO DE EVENTOS<\/a><\/div> <div class=\"clearboth\"><\/div><style>#thegem-divider-69f46bf2d6483 {margin-top: 80px !important;}<\/style><div id=\"thegem-divider-69f46bf2d6483\" class=\"gem-divider  \" style=\"\" ><\/div>[\/vc_column][\/vc_row][vc_row css=\u00bb.vc_custom_1587797756799{margin-bottom: 0px !important;padding-bottom: 0px !important;}\u00bb custom_css_code=\u00bbLmdlbS1pbWFnZSU3QiUwQSUyMCUyMCUyMCUyMG1hcmdpbi1yaWdodCUzQSUyMDI1cHglM0IlMEElN0QlMEEueWlrZXMtZWFzeS1tYy1mb3JtJTIwbGFiZWwubGFiZWwtaW5saW5lJTdCJTBBJTIwJTIwJTIwJTIwd2lkdGglM0ElMjA2NSUyNSUzQiUwQSUyMCUyMCUyMCUyMHBhZGRpbmctcmlnaHQlM0ElMjAyOHB4JTNCJTBBJTdEJTBBZm9ybS55aWtlcy1lYXN5LW1jLWZvcm0lMjBpbnB1dCU1QnR5cGUlM0RlbWFpbCU1RCU3QiUwQSUyMCUyMCUyMCUyMGhlaWdodCUzQSUyMDUwcHglM0IlMEElMjAlMjAlMjAlMjBib3JkZXItcmFkaXVzJTNBJTIwMjVweCUzQiUwQSUyMCUyMCUyMCUyMHBhZGRpbmctbGVmdCUzQSUyMDM1cHglM0IlMEElN0QlMEEueWlrZXMtZWFzeS1tYy1mb3JtJTIwLnN1Ym1pdC1idXR0b24taW5saW5lLWxhYmVsJTdCJTBBJTIwJTIwJTIwJTIwd2lkdGglM0ElMjAzNCUyNSUzQiUwQSUyMCUyMCUyMCUyMG1pbi13aWR0aCUzQSUyMDE4MHB4JTNCJTBBJTdEJTBBLnlpa2VzLWVhc3ktbWMtZm9ybSUyMC55aWtlcy1lYXN5LW1jLXN1Ym1pdC1idXR0b24lN0IlMEElMjAlMjAlMjAlMjBoZWlnaHQlM0ElMjA1MHB4JTNCJTBBJTIwJTIwJTIwJTIwYm9yZGVyLXJhZGl1cyUzQSUyMDI1cHglM0IlMEElMjAlMjAlMjAlMjBiYWNrZ3JvdW5kLWNvbG9yJTNBJTIwJTIzZmZkNTRmJTNCJTBBJTIwJTIwJTIwJTIwY29sb3IlM0ElMjAlMjMyYzJlM2QlM0IlMjAlMjAlMEElN0QlMEEueWlrZXMtZWFzeS1tYy1mb3JtJTIwLnlpa2VzLWVhc3ktbWMtc3VibWl0LWJ1dHRvbiUzQWhvdmVyJTdCJTBBJTIwJTIwJTIwJTIwYmFja2dyb3VuZC1jb2xvciUzQSUyMCUyMzJjMmUzZCUzQiUwQSUyMCUyMCUyMCUyMGNvbG9yJTNBJTIwJTIzZmZkNTRmJTNCJTIwJTIwJTBBJTdEJTBBJTQwbWVkaWElMjAlMjhtYXgtd2lkdGglM0ElMjA3NjhweCUyOSUyMCU3QiUwQSUyMCUyMCUyMCUyMC55aWtlcy1lYXN5LW1jLWZvcm0lMjBsYWJlbC5sYWJlbC1pbmxpbmUlMkMlMEElMjAlMjAlMjAlMjAueWlrZXMtZWFzeS1tYy1mb3JtJTIwLnN1Ym1pdC1idXR0b24taW5saW5lLWxhYmVsJTdCJTBBJTIwJTIwJTIwJTIwJTIwJTIwJTIwJTIwd2lkdGglM0ElMjAxMDAlMjUlM0IlMEElMjAlMjAlMjAlMjAlMjAlMjAlMjAlMjBwYWRkaW5nLXJpZ2h0JTNBJTIwMCUzQiUwQSUyMCUyMCUyMCUyMCU3RCUwQSUyMCUyMCUyMCUyMGZvcm0ueWlrZXMtZWFzeS1tYy1mb3JtJTIwaW5wdXQlNUJ0eXBlJTNEZW1haWwlNUQlN0IlMEElMjAlMjAlMjAlMjAlMjAlMjAlMjAlMjB0ZXh0LWFsaWduJTNBJTIwY2VudGVyJTNCJTBBJTIwJTIwJTIwJTIwJTIwJTIwJTIwJTIwcGFkZGluZyUzQSUyMDAlMjAyMHB4JTNCJTBBJTIwJTIwJTIwJTIwJTdEJTBBJTdEJTBB\u00bb][vc_column css=\u00bb.vc_custom_1526993690039{padding-top: 0px !important;}\u00bb]<div id=\"fullwidth-block-69f46bf2d666b\" class=\"fullwidth-block clearfix\"  style=\"background-color: #f4511e;padding-top: 80px;padding-bottom: 80px;\"><script type=\"text\/javascript\">if (typeof(gem_fix_fullwidth_position) == \"function\") { gem_fix_fullwidth_position(document.getElementById(\"fullwidth-block-69f46bf2d666b\")); }<\/script><div class=\"fullwidth-block-inner\"><div class=\"container\">[vc_row_inner][vc_column_inner css=\u00bb.vc_custom_1587799704399{padding-right: 0px !important;}\u00bb offset=\u00bbvc_col-lg-6&#8243;]<div class=\"gem-image gem-wrapbox gem-wrapbox-style-default gem-wrapbox-position-left  thegem-custom-69f46bf2d67214778\"  style=\"\" ><div class=\"gem-wrapbox-inner \" ><img class=\"gem-wrapbox-element img-responsive\" src=\"https:\/\/tepta.org\/wp-content\/uploads\/2020\/04\/blocks-image-235.png\" alt=\"\"\/><\/div><\/div>[vc_column_text css=\u00bb.vc_custom_1587797499265{margin-bottom: 0px !important;padding-top: 30px !important;}\u00bb]<\/p>\n<h3><span style=\"color: #2c2e3d;\">Suscribase a nuestra<\/span><\/h3>\n<p>[\/vc_column_text][vc_column_text]<\/p>\n<div class=\"title-h1\"><span style=\"color: #2c2e3d;\">Newsletter<\/span><\/div>\n<p>[\/vc_column_text][\/vc_column_inner][vc_column_inner offset=\u00bbvc_col-lg-6 vc_col-md-offset-0 vc_col-sm-offset-0&#8243;]<div class=\"clearboth\"><\/div><style>#thegem-divider-69f46bf2d6b93 {margin-top: 50px !important;}<\/style><div id=\"thegem-divider-69f46bf2d6b93\" class=\"gem-divider  \" style=\"\" ><\/div>[vc_column_text]\n\t<section id=\"yikes-mailchimp-container-1\" class=\"yikes-mailchimp-container yikes-mailchimp-container-1 \">\n\t\t\t\t<form id=\"newsletter-13-1\" class=\"yikes-easy-mc-form yikes-easy-mc-form-1 yikes-mailchimp-form-inline  newsletter-13\" method=\"POST\" data-attr-form-id=\"1\">\n\n\t\t\t\t\t\t\t\t\t\t\t\t\t<label for=\"yikes-easy-mc-form-1-EMAIL\"  class=\"label-inline EMAIL-label yikes-mailchimp-field-required \">\n\n\t\t\t\t\t\t\t\t\t\t<!-- dictate label visibility -->\n\t\t\t\t\t\t\t\t\t\t\n\t\t\t\t\t\t\t\t\t\t<!-- Description Above -->\n\t\t\t\t\t\t\t\t\t\t\n\t\t\t\t\t\t\t\t\t\t<input id=\"yikes-easy-mc-form-1-EMAIL\"  name=\"EMAIL\"  placeholder=\"Your email address\"  class=\"yikes-easy-mc-email field-no-label\"  required=\"required\" type=\"email\"  value=\"\">\n\n\t\t\t\t\t\t\t\t\t\t<!-- Description Below -->\n\t\t\t\t\t\t\t\t\t\t\n\t\t\t\t\t\t\t\t\t<\/label>\n\t\t\t\t\t\t\t\t\t\n\t\t\t\t<!-- Honeypot Trap -->\n\t\t\t\t<input type=\"hidden\" name=\"yikes-mailchimp-honeypot\" id=\"yikes-mailchimp-honeypot-1\" value=\"\">\n\n\t\t\t\t<!-- List ID -->\n\t\t\t\t<input type=\"hidden\" name=\"yikes-mailchimp-associated-list-id\" id=\"yikes-mailchimp-associated-list-id-1\" value=\"536ba249f8\">\n\n\t\t\t\t<!-- The form that is being submitted! Used to display error\/success messages above the correct form -->\n\t\t\t\t<input type=\"hidden\" name=\"yikes-mailchimp-submitted-form\" id=\"yikes-mailchimp-submitted-form-1\" value=\"1\">\n\n\t\t\t\t<!-- Submit Button -->\n\t\t\t\t<label class=\"empty-form-inline-label submit-button-inline-label\"><span class=\"empty-label labels-hidden\">&nbsp;<\/span><button type=\"submit\" class=\"yikes-easy-mc-submit-button yikes-easy-mc-submit-button-1 btn btn-primary  gem-button\"> <span class=\"yikes-mailchimp-submit-button-span-text\">Subscribe<\/span><\/button><\/label>\t\t\t\t<!-- Nonce Security Check -->\n\t\t\t\t<input type=\"hidden\" id=\"yikes_easy_mc_new_subscriber_1\" name=\"yikes_easy_mc_new_subscriber\" value=\"202ace45cd\">\n\t\t\t\t<input type=\"hidden\" name=\"_wp_http_referer\" value=\"\/es\/wp-json\/wp\/v2\/pages\/31503\" \/>\n\t\t\t<\/form>\n\t\t\t<!-- Mailchimp Form generated by Easy Forms for Mailchimp v6.8.10.1 (https:\/\/wordpress.org\/plugins\/yikes-inc-easy-mailchimp-extender\/) -->\n\n\t\t\t<\/section>\n\t[\/vc_column_text][\/vc_column_inner][\/vc_row_inner]<\/div><\/div><\/div>[\/vc_column][\/vc_row]<\/p>\n<\/div>","protected":false},"excerpt":{"rendered":"<p>[vc_row full_width=\u00bbstretch_row\u00bb css=\u00bb.vc_custom_1587117496982{margin-bottom: 0px !important;padding-bottom: 100px !important;}\u00bb custom_css_code=\u00bbLnZjX3R0YS1jb2xvci1ncmV5LnZjX3R0YS1zdHlsZS1vdXRsaW5lJTIwLnZjX3R0YS10YWIlM0VhJTdCJTBBJTIwJTIwJTIwJTIwY29sb3IlM0ElMjAlMjMyYzJlM2QlM0IlMEElN0Q=\u00bb][vc_column][vc_column_text] THOMAS EDISON LANGUAGE INSTITUTE [\/vc_column_text][vc_column_text] Bienvenidos a Nuestra PTA [\/vc_column_text][vc_column_text] Somos la&#8230;<\/p>\n","protected":false},"author":1,"featured_media":0,"parent":0,"menu_order":0,"comment_status":"closed","ping_status":"closed","template":"","meta":{"footnotes":""},"class_list":["post-31503","page","type-page","status-publish"],"_links":{"self":[{"href":"https:\/\/tepta.org\/es\/wp-json\/wp\/v2\/pages\/31503","targetHints":{"allow":["GET"]}}],"collection":[{"href":"https:\/\/tepta.org\/es\/wp-json\/wp\/v2\/pages"}],"about":[{"href":"https:\/\/tepta.org\/es\/wp-json\/wp\/v2\/types\/page"}],"author":[{"embeddable":true,"href":"https:\/\/tepta.org\/es\/wp-json\/wp\/v2\/users\/1"}],"replies":[{"embeddable":true,"href":"https:\/\/tepta.org\/es\/wp-json\/wp\/v2\/comments?post=31503"}],"version-history":[{"count":29,"href":"https:\/\/tepta.org\/es\/wp-json\/wp\/v2\/pages\/31503\/revisions"}],"predecessor-version":[{"id":31629,"href":"https:\/\/tepta.org\/es\/wp-json\/wp\/v2\/pages\/31503\/revisions\/31629"}],"wp:attachment":[{"href":"https:\/\/tepta.org\/es\/wp-json\/wp\/v2\/media?parent=31503"}],"curies":[{"name":"wp","href":"https:\/\/api.w.org\/{rel}","templated":true}]}}