{"id":31466,"date":"2021-09-08T17:49:08","date_gmt":"2021-09-09T00:49:08","guid":{"rendered":"https:\/\/tepta.org\/?page_id=31466"},"modified":"2021-09-10T16:07:47","modified_gmt":"2021-09-10T23:07:47","slug":"quienes-somos","status":"publish","type":"page","link":"https:\/\/tepta.org\/es\/quienes-somos\/","title":{"rendered":"Quienes Somos"},"content":{"rendered":"<div class=\"wpb-content-wrapper\"><p>[vc_row][vc_column width=\u00bb1\/2&#8243;][vc_column_text css_animation=\u00bbfadeIn\u00bb css=\u00bb.vc_custom_1631209284077{margin-top: -10px !important;}\u00bb]<\/p>\n<h2><span style=\"color: #4b485b;\">QUIENES SOMOS?<\/span><\/h2>\n<p>[\/vc_column_text]<div class=\"clearboth\"><\/div><style>#thegem-divider-69e8fe0835e9d {margin-top: 22px !important;}<\/style><div id=\"thegem-divider-69e8fe0835e9d\" class=\"gem-divider  \" style=\"\" ><\/div>[vc_column_text css_animation=\u00bbfadeIn\u00bb]Somos una Asociaci\u00f3n de Padres y Maestros para una escuela TK-8 en Sacramento, California. La PTA y la escuela apoyan a los ni\u00f1os del vecindario en el \u00e1rea de Arden y ofrecen el \u00fanico programa de doble inmersi\u00f3n en espa\u00f1ol \/ ingl\u00e9s en el Distrito Escolar Unificado de San Juan. Somos una escuela diversa de T\u00edtulo 1 en la que nuestros estudiantes hablan m\u00e1s de 17 idiomas del hogar.<\/p>\n<p>Por favor, ayude a la PTA y a la escuela a tener un gran comienzo este oto\u00f1o despu\u00e9s de 15 meses de aprendizaje interrumpido.[\/vc_column_text]<div class=\"clearboth\"><\/div><style>#thegem-divider-69e8fe0835ee0 {margin-top: 22px !important;}<\/style><div id=\"thegem-divider-69e8fe0835ee0\" class=\"gem-divider  \" style=\"\" ><\/div>[\/vc_column][vc_column width=\u00bb1\/2&#8243;]<div class=\"gem-youtube gem-wrapbox gem-wrapbox-style-no-style rounded-corners gem-wrapbox-position-below\" style=\"width: 100%;\"><div class=\"gem-wrapbox-inner gem-ratio-style\" style=\"padding-top: 56.25%\"><iframe class=\"gem-wrapbox-element img-responsive\" width=\"100%\" height=\"300\" allowfullscreen=\"allowfullscreen\" frameborder=\"0\" scrolling=\"no\" marginheight=\"0\" marginwidth=\"0\" src=\"\/\/www.youtube.com\/embed\/-G8WQd3qZB0?rel=0&amp;wmode=opaque\"><\/iframe><\/div><\/div>[\/vc_column][\/vc_row][vc_row full_width=\u00bbstretch_row\u00bb css=\u00bb.vc_custom_1542811121511{margin-bottom: 0px !important;background-color: #f0f3f2 !important;}\u00bb][vc_column css=\u00bb.vc_custom_1586525740412{padding-top: 0px !important;}\u00bb][vc_row_inner][vc_column_inner offset=\u00bbvc_hidden-xs\u00bb css=\u00bb.vc_custom_1586525706357{padding-top: 0px !important;}\u00bb]<div class=\"clearboth\"><\/div><style>#thegem-divider-69e8fe0835f42 {margin-top: 115px !important;}<\/style><div id=\"thegem-divider-69e8fe0835f42\" class=\"gem-divider  \" style=\"\" ><\/div>[\/vc_column_inner][\/vc_row_inner][vc_column_text css_animation=\u00bbbottom-to-top\u00bb]<\/p>\n<h2 style=\"text-align: center;\">NUESTRA DIRECTIVA<\/h2>\n<p>[\/vc_column_text]<div class=\"clearboth\"><\/div><style>#thegem-divider-69e8fe0835f59 {margin-top: 35px !important;}<\/style><div id=\"thegem-divider-69e8fe0835f59\" class=\"gem-divider  \" style=\"\" ><\/div>[vc_column_text css_animation=\u00bbbottom-to-top\u00bb]<\/p>\n<p style=\"text-align: center;\">Lorem ipsum dolor sit amet, consectetur adipisicing elit, sed do eiusmod tempor incididunt ut labore et dolore magna aliqua. Ut enim ad minim veniam, quis nostrud exercitation ullamco laboris nisi ut aliquip ex ea commodo consequat.<\/p>\n<p>[\/vc_column_text]<div class=\"clearboth\"><\/div><style>#thegem-divider-69e8fe0835f6d {margin-top: 60px !important;}<\/style><div id=\"thegem-divider-69e8fe0835f6d\" class=\"gem-divider  \" style=\"\" ><\/div><div class=\"gem-team row inline-row gem-team-style-6\" > <div class=\"col-md-4 col-sm-6 col-xs-12 inline-column\"> <div id=\"post-31572\" class=\"team-person default-background post-31572 thegem_team_person type-thegem_team_person status-publish has-post-thumbnail\" style=\"background-color: #ffffff; border-color: #ffffff\"><div class=\"team-person-hover\"> <div class=\"team-person-box clearfix\"> <div class=\"team-person-box-left\"><div class=\"team-person-image\"><img width=\"80\" height=\"80\" src=\"https:\/\/tepta.org\/wp-content\/uploads\/2021\/09\/diwata-thegem-person-80.jpg\" class=\"img-responsive wp-post-image\" alt=\"diwata\" srcset=\"https:\/\/tepta.org\/wp-content\/uploads\/2021\/09\/diwata-thegem-person.jpg 2x\" sizes=\"100vw\" \/><\/div><\/div> <div class=\"team-person-box-right\"> <div class=\"team-person-info\"> <div class=\"team-person-name styled-subtitle\" >Diwata<\/div> <div class=\"team-person-position date-color\" >President<\/div> <\/div> <\/div> <\/div> <\/div><\/div> <\/div> <div class=\"col-md-4 col-sm-6 col-xs-12 inline-column\"> <div id=\"post-31575\" class=\"team-person default-background post-31575 thegem_team_person type-thegem_team_person status-publish has-post-thumbnail\" style=\"background-color: #ffffff; border-color: #ffffff\"><div class=\"team-person-hover\"> <div class=\"team-person-box clearfix\"> <div class=\"team-person-box-left\"><div class=\"team-person-image\"><img width=\"80\" height=\"80\" src=\"https:\/\/tepta.org\/wp-content\/uploads\/2021\/09\/Victoria-1-thegem-person-80.jpg\" class=\"img-responsive wp-post-image\" alt=\"Victoria\" srcset=\"https:\/\/tepta.org\/wp-content\/uploads\/2021\/09\/Victoria-1-thegem-person.jpg 2x\" sizes=\"100vw\" \/><\/div><\/div> <div class=\"team-person-box-right\"> <div class=\"team-person-info\"> <div class=\"team-person-name styled-subtitle\" >Victoria<\/div> <div class=\"team-person-position date-color\" >Vice-President<\/div> <\/div> <\/div> <\/div> <\/div><\/div> <\/div> <div class=\"col-md-4 col-sm-6 col-xs-12 inline-column\"> <div id=\"post-31576\" class=\"team-person default-background post-31576 thegem_team_person type-thegem_team_person status-publish has-post-thumbnail\" style=\"background-color: #ffffff; border-color: #ffffff\"><div class=\"team-person-hover\"> <div class=\"team-person-box clearfix\"> <div class=\"team-person-box-left\"><div class=\"team-person-image\"><img width=\"80\" height=\"80\" src=\"https:\/\/tepta.org\/wp-content\/uploads\/2020\/02\/ana-thegem-person-80.jpg\" class=\"img-responsive wp-post-image\" alt=\"ana\" srcset=\"https:\/\/tepta.org\/wp-content\/uploads\/2020\/02\/ana-thegem-person.jpg 2x\" sizes=\"100vw\" \/><\/div><\/div> <div class=\"team-person-box-right\"> <div class=\"team-person-info\"> <div class=\"team-person-name styled-subtitle\" >Ana<\/div> <div class=\"team-person-position date-color\" >Treasurer<\/div> <\/div> <\/div> <\/div> <\/div><\/div> <\/div> <div class=\"col-md-4 col-sm-6 col-xs-12 inline-column\"> <div id=\"post-31570\" class=\"team-person default-background post-31570 thegem_team_person type-thegem_team_person status-publish has-post-thumbnail\" style=\"background-color: #ffffff; border-color: #ffffff\"><div class=\"team-person-hover\"> <div class=\"team-person-box clearfix\"> <div class=\"team-person-box-left\"><div class=\"team-person-image\"><img width=\"80\" height=\"80\" src=\"https:\/\/tepta.org\/wp-content\/uploads\/2021\/09\/h-gardner-thegem-person-80.jpg\" class=\"img-responsive wp-post-image\" alt=\"h-gardner\" srcset=\"https:\/\/tepta.org\/wp-content\/uploads\/2021\/09\/h-gardner-thegem-person.jpg 2x\" sizes=\"100vw\" \/><\/div><\/div> <div class=\"team-person-box-right\"> <div class=\"team-person-info\"> <div class=\"team-person-name styled-subtitle\" >Heidi Garner<\/div> <div class=\"team-person-position date-color\" >Principal<\/div> <\/div> <\/div> <\/div> <\/div><\/div> <\/div> <div class=\"col-md-4 col-sm-6 col-xs-12 inline-column\"> <div id=\"post-31574\" class=\"team-person default-background post-31574 thegem_team_person type-thegem_team_person status-publish has-post-thumbnail\" style=\"background-color: #ffffff; border-color: #ffffff\"><div class=\"team-person-hover\"> <div class=\"team-person-box clearfix\"> <div class=\"team-person-box-left\"><div class=\"team-person-image\"><img width=\"80\" height=\"80\" src=\"https:\/\/tepta.org\/wp-content\/uploads\/2021\/09\/keysha-thegem-person-80.jpg\" class=\"img-responsive wp-post-image\" alt=\"keysha\" srcset=\"https:\/\/tepta.org\/wp-content\/uploads\/2021\/09\/keysha-thegem-person.jpg 2x\" sizes=\"100vw\" \/><\/div><\/div> <div class=\"team-person-box-right\"> <div class=\"team-person-info\"> <div class=\"team-person-name styled-subtitle\" >Keisha<\/div> <div class=\"team-person-position date-color\" >Parliamentarian<\/div> <\/div> <\/div> <\/div> <\/div><\/div> <\/div> <div class=\"col-md-4 col-sm-6 col-xs-12 inline-column\"> <div id=\"post-31571\" class=\"team-person default-background post-31571 thegem_team_person type-thegem_team_person status-publish has-post-thumbnail\" style=\"background-color: #ffffff; border-color: #ffffff\"><div class=\"team-person-hover\"> <div class=\"team-person-box clearfix\"> <div class=\"team-person-box-left\"><div class=\"team-person-image\"><img width=\"80\" height=\"80\" src=\"https:\/\/tepta.org\/wp-content\/uploads\/2021\/09\/msjones-1-thegem-person-80.jpg\" class=\"img-responsive wp-post-image\" alt=\"msjones\" srcset=\"https:\/\/tepta.org\/wp-content\/uploads\/2021\/09\/msjones-1-thegem-person.jpg 2x\" sizes=\"100vw\" \/><\/div><\/div> <div class=\"team-person-box-right\"> <div class=\"team-person-info\"> <div class=\"team-person-name styled-subtitle\" >Stephanie<\/div> <div class=\"team-person-position date-color\" >Teachers Representative<\/div> <\/div> <\/div> <\/div> <\/div><\/div> <\/div> <div class=\"col-md-4 col-sm-6 col-xs-12 inline-column\"> <div id=\"post-31573\" class=\"team-person default-background post-31573 thegem_team_person type-thegem_team_person status-publish has-post-thumbnail\" style=\"background-color: #ffffff; border-color: #ffffff\"><div class=\"team-person-hover\"> <div class=\"team-person-box clearfix\"> <div class=\"team-person-box-left\"><div class=\"team-person-image\"><img width=\"80\" height=\"80\" src=\"https:\/\/tepta.org\/wp-content\/uploads\/2021\/09\/daniel-thegem-person-80.jpg\" class=\"img-responsive wp-post-image\" alt=\"daniel\" srcset=\"https:\/\/tepta.org\/wp-content\/uploads\/2021\/09\/daniel-thegem-person.jpg 2x\" sizes=\"100vw\" \/><\/div><\/div> <div class=\"team-person-box-right\"> <div class=\"team-person-info\"> <div class=\"team-person-name styled-subtitle\" >Daniel<\/div> <div class=\"team-person-position date-color\" >Historian<\/div> <\/div> <\/div> <\/div> <\/div><\/div> <\/div> <div class=\"col-md-4 col-sm-6 col-xs-12 inline-column\"> <div id=\"post-31569\" class=\"team-person default-background post-31569 thegem_team_person type-thegem_team_person status-publish has-post-thumbnail\" style=\"background-color: #ffffff; border-color: #ffffff\"><div class=\"team-person-hover\"> <div class=\"team-person-box clearfix\"> <div class=\"team-person-box-left\"><div class=\"team-person-image\"><img width=\"80\" height=\"80\" src=\"https:\/\/tepta.org\/wp-content\/uploads\/2021\/09\/judith-1-thegem-person-80.jpg\" class=\"img-responsive wp-post-image\" alt=\"judith\" srcset=\"https:\/\/tepta.org\/wp-content\/uploads\/2021\/09\/judith-1-thegem-person.jpg 2x\" sizes=\"100vw\" \/><\/div><\/div> <div class=\"team-person-box-right\"> <div class=\"team-person-info\"> <div class=\"team-person-name styled-subtitle\" >Judith<\/div> <div class=\"team-person-position date-color\" >Secretary<\/div> <\/div> <\/div> <\/div> <\/div><\/div> <\/div> <\/div>[vc_row_inner][vc_column_inner offset=\u00bbvc_hidden-xs\u00bb]<div class=\"clearboth\"><\/div><style>#thegem-divider-69e8fe0837f34 {margin-top: 110px !important;}<\/style><div id=\"thegem-divider-69e8fe0837f34\" class=\"gem-divider  \" style=\"\" ><\/div>[\/vc_column_inner][\/vc_row_inner][\/vc_column][\/vc_row]<\/p>\n<\/div>","protected":false},"excerpt":{"rendered":"<p>[vc_row][vc_column width=\u00bb1\/2&#8243;][vc_column_text css_animation=\u00bbfadeIn\u00bb css=\u00bb.vc_custom_1631209284077{margin-top: -10px !important;}\u00bb] QUIENES SOMOS? [\/vc_column_text][vc_column_text css_animation=\u00bbfadeIn\u00bb]Somos una Asociaci\u00f3n de Padres y Maestros para una escuela TK-8&#8230;<\/p>\n","protected":false},"author":1,"featured_media":0,"parent":0,"menu_order":0,"comment_status":"closed","ping_status":"closed","template":"","meta":{"footnotes":""},"class_list":["post-31466","page","type-page","status-publish"],"_links":{"self":[{"href":"https:\/\/tepta.org\/es\/wp-json\/wp\/v2\/pages\/31466","targetHints":{"allow":["GET"]}}],"collection":[{"href":"https:\/\/tepta.org\/es\/wp-json\/wp\/v2\/pages"}],"about":[{"href":"https:\/\/tepta.org\/es\/wp-json\/wp\/v2\/types\/page"}],"author":[{"embeddable":true,"href":"https:\/\/tepta.org\/es\/wp-json\/wp\/v2\/users\/1"}],"replies":[{"embeddable":true,"href":"https:\/\/tepta.org\/es\/wp-json\/wp\/v2\/comments?post=31466"}],"version-history":[{"count":4,"href":"https:\/\/tepta.org\/es\/wp-json\/wp\/v2\/pages\/31466\/revisions"}],"predecessor-version":[{"id":31548,"href":"https:\/\/tepta.org\/es\/wp-json\/wp\/v2\/pages\/31466\/revisions\/31548"}],"wp:attachment":[{"href":"https:\/\/tepta.org\/es\/wp-json\/wp\/v2\/media?parent=31466"}],"curies":[{"name":"wp","href":"https:\/\/api.w.org\/{rel}","templated":true}]}}